{"id":24,"date":"2023-07-09T14:19:01","date_gmt":"2023-07-09T14:19:01","guid":{"rendered":"https:\/\/timsen.giaodienflatsome.com\/?page_id=24"},"modified":"2023-07-11T12:20:37","modified_gmt":"2023-07-11T12:20:37","slug":"gioi-thieu","status":"publish","type":"page","link":"https:\/\/timsen.giaodienflatsome.com\/index.php\/gioi-thieu\/","title":{"rendered":"Gi\u1edbi thi\u1ec7u"},"content":{"rendered":"\n\t<section class=\"section\" id=\"section_622367697\">\n\t\t<div class=\"section-bg fill\" >\n\t\t\t\t\t\t\t\t\t\n\t\t\t\n\n\t\t<\/div>\n\n\t\t\n\n\t\t<div class=\"section-content relative\">\n\t\t\t\n<div class=\"row\"  id=\"row-546395600\">\n\n\t<div id=\"col-1070893100\" class=\"col small-12 large-12\"  >\n\t\t\t\t<div class=\"col-inner\"  >\n\t\t\t\n\t\t\t\n<h1 class=\"entry-title mb uppercase\">Gi\u1edbi thi\u1ec7u<\/h1>\n<h1 style=\"text-align: center;\"><strong>\u201c\u0110i\u1ec3m t\u1ef1a cho kh\u1edfi \u0111\u1ea7u \u2013 H\u00e0i h\u00f2a c\u00f9ng th\u1ecbnh v\u01b0\u1ee3ng\u201d<\/strong><\/h1>\n<p style=\"text-align: center;\">Ph\u1ee5c v\u1ee5 Kh\u00e1ch h\u00e0ng b\u1eb1ng c\u1ea3 tr\u00e1i tim, \u0111em \u0111\u1ebfn cho Kh\u00e1ch h\u00e0ng s\u1ef1 an t\u00e2m tuy\u1ec7t \u0111\u1ed1i,<br \/>lu\u00f4n tu\u00e2n th\u1ee7 Ph\u00e1p lu\u1eadt v\u00e0 kh\u00f4ng bao gi\u1edd c\u00f3 h\u00e0nh vi v\u1ee5 l\u1ee3i.<\/p>\n<h1 style=\"text-align: center;\"><span style=\"font-size: 100%;\"><strong>GI\u1edaI THI\u1ec6U V\u1ec0 TIM SEN<\/strong><\/span><\/h1>\n<p style=\"text-align: justify;\"><span style=\"font-size: 12pt;\">C\u00f4ng ty TNHH Tim Sen th\u00e0nh l\u1eadp t\u1eeb n\u0103m 2008, t\u1ef1 h\u00e0o l\u00e0 \u0111\u01a1n v\u1ecb c\u00f3 kinh nghi\u1ec7m l\u00e2u n\u0103m trong l\u0129nh v\u1ef1c cung c\u1ea5p D\u1ecbch V\u1ee5 Thu\u1ebf K\u1ebf To\u00e1n cho g\u1ea7n 1.500 doanh nghi\u1ec7p tr\u00ean c\u1ea3 n\u01b0\u1edbc. V\u1edbi \u0111\u1ed9i ng\u0169 k\u1ebf to\u00e1n tr\u01b0\u1edfng c\u00f3 tr\u00ean 10 n\u0103m kinh nghi\u1ec7m ho\u1ea1t \u0111\u1ed9ng v\u00e0 ti\u1ebfp c\u1eadn v\u1edbi nhi\u1ec1u doanh nghi\u1ec7p trong nh\u1eefng l\u0129nh v\u1ef1c kh\u00e1c nhau, ch\u00fang t\u00f4i cam k\u1ebft \u0111\u1ea3m b\u1ea3o ch\u1ea5t l\u01b0\u1ee3ng d\u1ecbch v\u1ee5 \u0111\u01b0\u1ee3c ki\u1ec3m so\u00e1t ch\u1eb7t ch\u1ebd c\u0169ng nh\u01b0 ch\u00ednh s\u00e1ch gi\u00e1 h\u1ee3p l\u00fd \u0111\u1ebfn v\u1edbi t\u1ea5t c\u1ea3 Qu\u00fd kh\u00e1ch h\u00e0ng \u0111\u1ed3ng h\u00e0nh c\u00f9ng Tim Sen!<\/span><\/p>\n<p><img loading=\"lazy\" decoding=\"async\" class=\"aligncenter wp-image-269 size-full\" src=\"https:\/\/timsen.giaodienflatsome.com\/wp-content\/uploads\/2023\/07\/banner-tim-sen.jpg\" alt=\"\" width=\"1924\" height=\"690\" srcset=\"https:\/\/timsen.giaodienflatsome.com\/wp-content\/uploads\/2023\/07\/banner-tim-sen.jpg 1924w, https:\/\/timsen.giaodienflatsome.com\/wp-content\/uploads\/2023\/07\/banner-tim-sen-300x108.jpg 300w, https:\/\/timsen.giaodienflatsome.com\/wp-content\/uploads\/2023\/07\/banner-tim-sen-1024x367.jpg 1024w, https:\/\/timsen.giaodienflatsome.com\/wp-content\/uploads\/2023\/07\/banner-tim-sen-768x275.jpg 768w, https:\/\/timsen.giaodienflatsome.com\/wp-content\/uploads\/2023\/07\/banner-tim-sen-1536x551.jpg 1536w\" sizes=\"auto, (max-width: 1924px) 100vw, 1924px\" \/><\/p>\n<p style=\"text-align: justify;\"><span style=\"font-size: 12pt;\"><strong>Lu\u1eadt thu\u1ebf lu\u00f4n thay \u0111\u1ed5i v\u00e0 c\u1eadp nh\u1eadt li\u00ean t\u1ee5c \u2013 S\u1ef1 c\u1ea7n thi\u1ebft c\u1ee7a d\u1ecbch v\u1ee5 Thu\u1ebf K\u1ebf To\u00e1n<\/strong><\/span><\/p>\n<p style=\"text-align: justify;\"><span style=\"font-size: 12pt;\">N\u1ec1n kinh t\u1ebf Vi\u1ec7t Nam ng\u00e0y c\u00e0ng m\u1edf r\u1ed9ng v\u00e0 kh\u00f4ng ng\u1eebng c\u1ea3i ti\u1ebfn, song song \u0111\u00f3 l\u00e0 c\u00e1c ch\u00ednh s\u00e1ch lu\u1eadt thu\u1ebf c\u0169ng ph\u1ea3i c\u00f3 s\u1ef1 thay \u0111\u1ed5i li\u00ean t\u1ee5c \u0111\u1ec3 ph\u00f9 h\u1ee3p h\u01a1n, t\u1ea1o \u0111i\u1ec1u ki\u1ec7n thu\u1eadn l\u1ee3i cho qu\u00e1 tr\u00ecnh ho\u1ea1t \u0111\u1ed9ng v\u00e0 ph\u00e1t tri\u1ec3n c\u1ee7a c\u00e1c doanh nghi\u1ec7p.<\/span><\/p>\n<p style=\"text-align: justify;\"><span style=\"font-size: 12pt;\">S\u1ef1 thay \u0111\u1ed5i v\u00e0 c\u1eadp nh\u1eadt li\u00ean t\u1ee5c v\u1ec1 quy \u0111\u1ecbnh lu\u1eadt thu\u1ebf \u0111\u00f2i h\u1ecfi c\u00e1c ch\u1ee7 doanh nghi\u1ec7p c\u1ea7n n\u1eafm b\u1eaft k\u1ecbp th\u1eddi v\u00e0 th\u1ef1c hi\u1ec7n \u0111\u00fang trong vi\u1ec7c qu\u1ea3n l\u00fd, \u0111i\u1ec1u ch\u1ec9nh ph\u00f9 h\u1ee3p trong chi\u1ebfn l\u01b0\u1ee3c kinh doanh \u0111\u1ec3 kh\u00f4ng x\u1ea3y ra nh\u1eefng r\u1ee7i ro sai ph\u1ea1m v\u1ec1 lu\u1eadt thu\u1ebf.<\/span><\/p>\n<p style=\"text-align: justify;\"><span style=\"font-size: 12pt;\">Ch\u00ednh v\u00ec l\u1ebd \u0111\u00f3, vi\u1ec7c ra \u0111\u1eddi c\u1ee7a lo\u1ea1i h\u00ecnh <strong>D\u1ecbch v\u1ee5 k\u1ebf to\u00e1n tr\u1ecdn g\u00f3i<\/strong> th\u1ef1c s\u1ef1 c\u1ea7n thi\u1ebft \u0111\u1ed1i v\u1edbi t\u1ea5t c\u1ea3 c\u00e1c doanh nghi\u1ec7p, t\u1eeb vi\u1ec7c hi\u1ec3u r\u00f5 v\u00e0 am t\u01b0\u1eddng v\u1ec1 lu\u1eadt thu\u1ebf c\u1ee7a c\u00e1c lu\u1eadt s\u01b0, ki\u1ec3m to\u00e1n gi\u1ecfi \u0111\u1ec3 c\u00e1c ch\u1ee7 doanh nghi\u1ec7p c\u00f3 th\u1ec3 nh\u1eadn \u0111\u01b0\u1ee3c t\u01b0 v\u1ea5n h\u1ed7 tr\u1ee3 t\u1ed1t h\u01a1n, h\u01b0\u1edbng Qu\u00fd kh\u00e1ch h\u00e0ng tu\u00e2n th\u1ee7 \u0111\u00fang ph\u00e1p lu\u1eadt \u2013 lu\u1eadt thu\u1ebf, ho\u1eb7c c\u00f3 th\u1ec3 \u201cthay m\u1eb7t\u201d Qu\u00fd kh\u00e1ch h\u00e0ng \u0111\u1ec3 gi\u1ea3i quy\u1ebft m\u1ecdi vi\u1ec7c li\u00ean quan \u0111\u1ebfn thu\u1ebf k\u1ebf to\u00e1n.<\/span><\/p>\n<p style=\"text-align: justify;\"><span style=\"font-size: 12pt;\"><strong>T\u1ea1i sao b\u1ea1n n\u00ean ch\u1ecdn D\u1ecbch V\u1ee5 K\u1ebf To\u00e1n Thu\u1ebf Tim Sen?<\/strong><\/span><\/p>\n<ul>\n<li style=\"text-align: justify;\"><span style=\"font-size: 12pt;\">Ch\u00fang t\u00f4i c\u00f3 gi\u1ea5y ph\u00e9p, ch\u1ee9ng nh\u1eadn ngh\u1ec1 \u0111\u1ee7 \u0111i\u1ec1u ki\u1ec7n ho\u1ea1t \u0111\u1ed9ng trong l\u0129nh v\u1ef1c n\u00e0y.<\/span><\/li>\n<li style=\"text-align: justify;\"><span style=\"font-size: 12pt;\">V\u1edbi s\u1ef1 ph\u00e1t tri\u1ec3n c\u00f9ng th\u1eddi gian, hi\u1ec7n t\u1ea1i Tim Sen \u0111\u00e3 s\u1edf h\u1eefu m\u1ed9t \u0111\u1ed9i ng\u0169 nh\u00e2n s\u1ef1 l\u1edbn v\u00e0 c\u00f3 kinh nghi\u1ec7m d\u00e0y d\u1eb7n.<\/span><\/li>\n<li style=\"text-align: justify;\"><span style=\"font-size: 12pt;\">\u201cPh\u1ee5c v\u1ee5 kh\u00e1ch h\u00e0ng b\u1eb1ng c\u1ea3 tr\u00e1i tim\u201d l\u00e0 ph\u01b0\u01a1ng ch\u00e2m ho\u1ea1t \u0111\u1ed9ng \u0111\u01b0\u1ee3c \u0111\u01b0a l\u00ean h\u00e0ng \u0111\u1ea7u \u0111\u1ed1i v\u1edbi m\u1ed7i nh\u00e2n vi\u00ean c\u1ee7a Tim Sen.<\/span><\/li>\n<li style=\"text-align: justify;\"><span style=\"font-size: 12pt;\">Quy\u1ec1n l\u1ee3i c\u1ee7a kh\u00e1ch h\u00e0ng khi h\u1ee3p t\u00e1c c\u00f9ng Tim Sen:<\/span><\/li>\n<\/ul>\n<p style=\"text-align: justify;\"><span style=\"font-size: 12pt;\">T\u00ednh r\u00e0ng bu\u1ed9c tr\u00e1ch nhi\u1ec7m: Tim Sen \u0111\u1eb7t uy t\u00edn th\u01b0\u01a1ng hi\u1ec7u l\u00ean h\u00e0ng \u0111\u1ea7u. N\u1ebfu c\u00f3 sai s\u00f3t g\u00ec x\u1ea3y ra v\u00ec l\u1ed7i c\u1ee7a nh\u00e2n s\u1ef1 Tim Sen, ch\u00fang t\u00f4i cam k\u1ebft ch\u1ecbu tr\u00e1ch nhi\u1ec7m ho\u00e0n to\u00e0n v\u1edbi Qu\u00fd kh\u00e1ch h\u00e0ng.<\/span><\/p>\n<p style=\"text-align: justify;\"><span style=\"font-size: 12pt;\">Chi ph\u00ed ph\u00f9 h\u1ee3p, gi\u00fap gi\u1ea3m g\u00e1nh n\u1eb7ng nh\u00e2n s\u1ef1 c\u1ee7a doanh nghi\u1ec7p b\u1ea1n: n\u1ebfu b\u1ea1n kh\u00f4ng ki\u1ec3m so\u00e1t ch\u1eb7t ch\u1ebd \u0111\u1ed9i ng\u0169 nh\u00e2n vi\u00ean k\u1ebf to\u00e1n c\u1ee7a m\u00ecnh th\u00ec \u0111\u1ebfn l\u00fac x\u1ea3y ra sai s\u00f3t l\u1edbn s\u1ebd l\u00e0m \u1ea3nh h\u01b0\u1edfng \u0111\u1ebfn vi\u1ec7c kinh doanh c\u1ee7a b\u1ea1n, ch\u01b0a k\u1ec3 \u0111\u1ebfn chi ph\u00ed ph\u1ea3i tr\u1ea3 cho nh\u00e2n vi\u00ean k\u1ebf to\u00e1n kh\u00e1 cao. \u0110\u00e2y l\u00e0 l\u00fd do b\u1ea1n c\u1ea7n t\u00ecm \u0111\u1ebfn Tim Sen ch\u00fang t\u00f4i!<\/span><\/p>\n<p style=\"text-align: justify;\"><span style=\"font-size: 12pt;\">Lu\u00f4n theo d\u00f5i, c\u1eadp nh\u1eadt th\u00f4ng tin ph\u00e1p lu\u1eadt \u0111\u1ec3 mang l\u1ea1i s\u1ef1 \u1ed5n \u0111\u1ecbnh ph\u00e1t tri\u1ec3n kinh doanh c\u1ee7a b\u1ea1n, tr\u00e1nh nh\u1eefng tr\u01b0\u1eddng h\u1ee3p r\u1ee7i ro, sai ph\u1ea1m lu\u1eadt thu\u1ebf,\u2026<\/span><\/p>\n<p style=\"text-align: justify;\"><span style=\"font-size: 12pt;\">T\u1ed1i \u01b0u h\u00f3a chi\u1ebfn l\u01b0\u1ee3c thu\u1ebf \u0111\u1ec3 gi\u1ea3m chi ph\u00ed t\u1ed1i \u0111a nh\u1ea5t cho doanh nghi\u1ec7p b\u1ea1n.<\/span><br \/><span style=\"font-size: 12pt;\">S\u1ef1 kh\u00e1c bi\u1ec7t c\u1ee7a Tim Sen \u0111\u00e3 t\u1ea1o n\u00ean ni\u1ec1m tin y\u00eau c\u1ee7a g\u1ea7n 800 kh\u00e1ch h\u00e0ng tr\u00ean to\u00e0n qu\u1ed1c \u1edf th\u1eddi \u0111i\u1ec3m hi\u1ec7n t\u1ea1i!<\/span><\/p>\n<ul>\n<li style=\"text-align: justify;\"><span style=\"font-size: 12pt;\">Tr\u1ecdn g\u00f3i, kh\u00f4ng ph\u00e1t sinh ph\u1ee5 ph\u00ed, ch\u1ec9 c\u00f3 s\u1ea3n ph\u1ea9m c\u1ed9ng th\u00eam.<\/span><\/li>\n<li style=\"text-align: justify;\"><span style=\"font-size: 12pt;\">Ch\u1ea5t l\u01b0\u1ee3ng \u0111\u1ed3ng \u0111\u1ec1u v\u00e0 c\u00f3 \u0111\u1ed9 tin c\u1eady cao (t\u1ea5t c\u1ea3 d\u1ecbch v\u1ee5 \u0111\u1ec1u th\u1ef1c hi\u1ec7n theo quy tr\u00ecnh)<\/span><\/li>\n<li style=\"text-align: justify;\"><span style=\"font-size: 12pt;\">\u0110\u00e1p \u1ee9ng nhanh, t\u01b0 v\u1ea5n (mi\u1ec5n ph\u00ed) tr\u01b0\u1edbc c\u00e1c v\u1ea5n \u0111\u1ec1 c\u1ee7a kh\u00e1ch h\u00e0ng c\u01a1 s\u1edf x\u00e9t \u0111o\u00e1n ngh\u1ec1 nghi\u1ec7p h\u01a1n \u0111\u1ee3i kh\u00e1ch h\u00e0ng y\u00eau c\u1ea7u t\u01b0 v\u1ea5n<\/span><\/li>\n<li style=\"text-align: justify;\"><span style=\"font-size: 12pt;\">\u0110\u01b0\u1ee3c \u0111\u00e0o t\u1ea1o b\u00e0i b\u1ea3n v\u1ec1 chuy\u00ean m\u00f4n, k\u1ef9 n\u0103ng v\u00e0 \u0111\u1ea1o \u0111\u1ee9c.<\/span><\/li>\n<li style=\"text-align: justify;\"><span style=\"font-size: 12pt;\">\u1ed4n \u0111\u1ecbnh, tr\u01b0\u1edfng b\u1ed9 ph\u1eadn l\u00e0m vi\u1ec7c t\u1ea1i TIM SEN t\u1eeb 5 n\u0103m tr\u1edf l\u00ean.<\/span><\/li>\n<li style=\"text-align: justify;\"><span style=\"font-size: 12pt;\">Nhi\u1ec7t t\u00ecnh v\u00e0 \u0111\u1ed3ng c\u1ea3m<\/span><\/li>\n<\/ul>\n<p style=\"text-align: justify;\"><span style=\"font-size: 12pt;\">V\u1edbi ph\u01b0\u01a1ng ch\u00e2m \u201d Ph\u1ee5c v\u1ee5 kh\u00e1ch h\u00e0ng b\u1eb1ng c\u1ea3 tr\u00e1i tim \u201c, C\u00f4ng Ty TNHH Tim Sen cam k\u1ebft mang l\u1ea1i d\u1ecbch v\u1ee5 Thu\u1ebf K\u1ebf To\u00e1n chuy\u00ean nghi\u1ec7p v\u00e0 uy t\u00edn v\u1edbi chi ph\u00ed h\u1ee3p l\u00fd nh\u1ea5t cho m\u1ecdi doanh nghi\u1ec7p tr\u00ean to\u00e0n qu\u1ed1c.<\/span><\/p>\n<p style=\"text-align: justify;\"><span style=\"font-size: 12pt;\">D\u00f9 b\u1ea1n c\u00f3 ch\u1ecdn Tim Sen hay kh\u00f4ng, b\u1ea1n c\u00f3 th\u1ec3 chia s\u1ebb kh\u00f3 kh\u0103n m\u00e0 b\u1ea1n \u0111ang g\u1eb7p ph\u1ea3i v\u1ec1 v\u1ea5n \u0111\u1ec1 thu\u1ebf \u2013 k\u1ebf to\u00e1n n\u1ebfu nh\u01b0 b\u1ea1n \u0111ang c\u1ea7n \u0111\u01b0\u1ee3c t\u01b0 v\u1ea5n ngay b\u00e2y gi\u1edd!<\/span><\/p>\n<p style=\"text-align: justify;\"><span style=\"font-size: 12pt;\">Tim Sen l\u00e0 c\u00f4ng ty chuy\u00ean nghi\u1ec7p v\u00e0 h\u00e0ng \u0111\u1ea7u v\u1ec1 <strong>d\u1ecbch v\u1ee5 k\u1ebf to\u00e1n thu\u1ebf<\/strong>, l\u1eadp b\u00e1o c\u00e1o t\u00e0i ch\u00ednh, t\u01b0 v\u1ea5n th\u00e0nh l\u1eadp c\u00f4ng ty, l\u1eadp d\u1ef1 \u00e1n \u0111\u1ea7u t\u01b0 t\u1ea1i Vi\u1ec7t Nam.<\/span><\/p>\n<p style=\"text-align: justify;\"><span style=\"font-size: 12pt;\">\u0110\u01b0\u1ee3c th\u00e0nh l\u1eadp t\u1eeb n\u0103m 2008 b\u1edfi c\u00e1c chuy\u00ean gia l\u00e0 ki\u1ec3m to\u00e1n vi\u00ean, k\u1ebf to\u00e1n vi\u00ean, chuy\u00ean gia t\u01b0 v\u1ea5n v\u00e0 h\u00e0nh ngh\u1ec1 d\u1ecbch v\u1ee5 thu\u1ebf k\u1ebf to\u00e1n c\u00f3 nhi\u1ec1u n\u0103m kinh nghi\u1ec7m v\u00e0 ki\u1ebfn th\u1ee9c th\u1ef1c t\u1ebf trong l\u0129nh v\u1ef1c thu\u1ebf k\u1ebf to\u00e1n c\u0169ng nh\u01b0 t\u01b0 v\u1ea5n ph\u00e1p l\u00fd, t\u00e0i ch\u00ednh v\u00e0 \u0111\u1ea7u t\u01b0 cho doanh nghi\u1ec7p.<\/span><\/p>\n<p style=\"text-align: justify;\"><span style=\"font-size: 12pt;\"><em>N\u1ebfu b\u1ea1n \u0111ang c\u00f3 \u00fd \u0111\u1ecbnh <strong>Th\u00e0nh l\u1eadp c\u00f4ng ty, \u0111\u0103ng k\u00fd thu\u1ebf k\u1ebf to\u00e1n<\/strong>, \u0111\u1eebng ng\u1ea7n ng\u1ea1i li\u00ean h\u1ec7 v\u1edbi ch\u00fang t\u00f4i theo s\u1ed1 hotline <strong>0903 016 246<\/strong> \u0111\u1ec3 \u0111\u01b0\u1ee3c t\u01b0 v\u1ea5n t\u1eeb A-Z v\u1ec1 ch\u00ednh s\u00e1ch, th\u1ee7 t\u1ee5c, c\u00e1c v\u1ea5n \u0111\u1ec1 c\u1ea7n thi\u1ebft, ki\u1ebfn th\u1ee9c k\u1ebf to\u00e1n\u2026 Tim Sen \u2013 s\u1ef1 l\u1ef1a ch\u1ecdn h\u00e0ng \u0111\u1ea7u khi b\u1ea1n mu\u1ed1n t\u00ecm \u0111\u01a1n v\u1ecb chuy\u00ean nghi\u1ec7p \u0111\u1ec3 \u0111\u1ed3ng h\u00e0nh trong su\u1ed1t qu\u00e1 tr\u00ecnh ho\u1ea1t \u0111\u1ed9ng c\u00f4ng ty.<\/em><\/span><\/p>\n<div>\n<div style=\"text-align: justify;\"><span style=\"font-size: 12pt;\"><em>Li\u00ean H\u1ec7 C\u00f4ng Ty TNHH Tim Sen<\/em><\/span><\/div>\n<div style=\"text-align: justify;\"><span style=\"font-size: 12pt;\"><em>V\u0103n Ph\u00f2ng 7\/1 Th\u00e0nh Th\u00e1i, Ph\u01b0\u1eddng 14, Qu\u1eadn 10, Tp.HCM | Tel: (028) 71 069 069 | Email : info@timsen.vn<\/em><\/span><\/div>\n<\/div>\n\t\t<\/div>\n\t\t\t\t\t<\/div>\n\n\t\n<\/div>\n\t\t<\/div>\n\n\t\t\n<style>\n#section_622367697 {\n  padding-top: 30px;\n  padding-bottom: 30px;\n}\n<\/style>\n\t<\/section>\n\t\n","protected":false},"excerpt":{"rendered":"","protected":false},"author":1,"featured_media":269,"parent":0,"menu_order":0,"comment_status":"closed","ping_status":"closed","template":"page-blank.php","meta":{"footnotes":""},"class_list":["post-24","page","type-page","status-publish","has-post-thumbnail","hentry"],"_links":{"self":[{"href":"https:\/\/timsen.giaodienflatsome.com\/index.php\/wp-json\/wp\/v2\/pages\/24","targetHints":{"allow":["GET"]}}],"collection":[{"href":"https:\/\/timsen.giaodienflatsome.com\/index.php\/wp-json\/wp\/v2\/pages"}],"about":[{"href":"https:\/\/timsen.giaodienflatsome.com\/index.php\/wp-json\/wp\/v2\/types\/page"}],"author":[{"embeddable":true,"href":"https:\/\/timsen.giaodienflatsome.com\/index.php\/wp-json\/wp\/v2\/users\/1"}],"replies":[{"embeddable":true,"href":"https:\/\/timsen.giaodienflatsome.com\/index.php\/wp-json\/wp\/v2\/comments?post=24"}],"version-history":[{"count":9,"href":"https:\/\/timsen.giaodienflatsome.com\/index.php\/wp-json\/wp\/v2\/pages\/24\/revisions"}],"predecessor-version":[{"id":270,"href":"https:\/\/timsen.giaodienflatsome.com\/index.php\/wp-json\/wp\/v2\/pages\/24\/revisions\/270"}],"wp:featuredmedia":[{"embeddable":true,"href":"https:\/\/timsen.giaodienflatsome.com\/index.php\/wp-json\/wp\/v2\/media\/269"}],"wp:attachment":[{"href":"https:\/\/timsen.giaodienflatsome.com\/index.php\/wp-json\/wp\/v2\/media?parent=24"}],"curies":[{"name":"wp","href":"https:\/\/api.w.org\/{rel}","templated":true}]}}