{"id":26,"date":"2023-07-09T14:19:40","date_gmt":"2023-07-09T14:19:40","guid":{"rendered":"https:\/\/timsen.giaodienflatsome.com\/?page_id=26"},"modified":"2023-07-11T12:22:57","modified_gmt":"2023-07-11T12:22:57","slug":"thay-doi-giay-phep-kinh-doanh","status":"publish","type":"page","link":"https:\/\/timsen.giaodienflatsome.com\/index.php\/thay-doi-giay-phep-kinh-doanh\/","title":{"rendered":"Thay \u0111\u1ed5i gi\u1ea5y ph\u00e9p kinh doanh"},"content":{"rendered":"\n\t<section class=\"section\" id=\"section_436698519\">\n\t\t<div class=\"section-bg fill\" >\n\t\t\t\t\t\t\t\t\t\n\t\t\t\n\n\t\t<\/div>\n\n\t\t\n\n\t\t<div class=\"section-content relative\">\n\t\t\t\n<div class=\"row\"  id=\"row-670243466\">\n\n\t<div id=\"col-653499159\" class=\"col small-12 large-12\"  >\n\t\t\t\t<div class=\"col-inner\"  >\n\t\t\t\n\t\t\t\n<h1 class=\"entry-title mb uppercase\">D\u1ecaCH V\u1ee4 THAY \u0110\u1ed4I GI\u1ea4Y PH\u00c9P KINH DOANH<\/h1>\n<h1 style=\"text-align: justify;\"><span style=\"color: #be1e2d;\">D\u1ecaCH V\u1ee4 THAY \u0110\u1ed4I GI\u1ea4Y PH\u00c9P KINH DOANH <\/span><\/h1>\n<p>Xuy\u00ean su\u1ed1t qu\u00e1 tr\u00ecnh h\u00ecnh th\u00e0nh v\u00e0 ho\u1ea1t \u0111\u1ed9ng c\u1ee7a doanh nghi\u1ec7p, vi\u1ec7c thay \u0111\u1ed5i m\u1ed9t v\u00e0i y\u1ebfu t\u1ed1 \u0111\u1ec3 ph\u00f9 h\u1ee3p v\u1edbi t\u00ecnh h\u00ecnh kinh doanh d\u1eabn \u0111\u1ebfn thay \u0111\u1ed5i Gi\u1ea5y ph\u00e9p \u0110\u0103ng k\u00fd kinh doanh l\u00e0 \u0111i\u1ec1u kh\u00f3 tr\u00e1nh kh\u1ecfi. V\u00ed nh\u01b0:<\/p>\n<ul class=\"nhucau\">\n<li>Thay \u0111\u1ed5i t\u00ean doanh nghi\u1ec7p.<\/li>\n<li>\u0110\u1ecba ch\u1ec9 doanh nghi\u1ec7p.<\/li>\n<li>Thay \u0111\u1ed5i ng\u00e0nh ngh\u1ec1 kinh doanh.<\/li>\n<li>\u0110i\u1ec1u ch\u1ec9nh v\u1ed1n \u0111i\u1ec1u l\u1ec7.<\/li>\n<li>Thay ng\u01b0\u1eddi \u0111\u1ea1i di\u1ec7n ph\u00e1p lu\u1eadt.<\/li>\n<li>Thay \u0111\u1ed5i th\u00f4ng tin th\u00e0nh vi\u00ean H\u1ed9i \u0111\u1ed3ng qu\u1ea3n tr\u1ecb (\u0111\u1ed1i v\u1edbi c\u00f4ng ty c\u1ed5 ph\u1ea7n)<\/li>\n<\/ul>\n<p><img loading=\"lazy\" decoding=\"async\" class=\"wp-image-273 size-full\" src=\"https:\/\/timsen.giaodienflatsome.com\/wp-content\/uploads\/2023\/07\/ketoan-1.jpg\" alt=\"\" width=\"1920\" height=\"957\" srcset=\"https:\/\/timsen.giaodienflatsome.com\/wp-content\/uploads\/2023\/07\/ketoan-1.jpg 1920w, https:\/\/timsen.giaodienflatsome.com\/wp-content\/uploads\/2023\/07\/ketoan-1-300x150.jpg 300w, https:\/\/timsen.giaodienflatsome.com\/wp-content\/uploads\/2023\/07\/ketoan-1-1024x510.jpg 1024w, https:\/\/timsen.giaodienflatsome.com\/wp-content\/uploads\/2023\/07\/ketoan-1-768x383.jpg 768w, https:\/\/timsen.giaodienflatsome.com\/wp-content\/uploads\/2023\/07\/ketoan-1-1536x766.jpg 1536w\" sizes=\"auto, (max-width: 1920px) 100vw, 1920px\" \/><\/p>\n<p>Vi\u1ec7c thay \u0111\u1ed5i n\u00e0y c\u00f3 th\u1ec3 g\u00e2y r\u1eafc r\u1ed1i v\u1ec1 m\u1eb7t ph\u00e1p l\u00fd, khi\u1ebfn doanh nghi\u1ec7p b\u1ecb \u0111\u1ed9ng, t\u1ed1n kh\u00e1 nhi\u1ec1u chi ph\u00ed kh\u00f4ng c\u1ea7n thi\u1ebft ch\u1ec9 v\u00ec kh\u00f4ng c\u00f3 kinh nghi\u1ec7m.<\/p>\n<p>Ho\u1ea1t \u0111\u1ed9ng v\u1edbi 10 n\u0103m kinh nghi\u1ec7m C\u00f4ng ty TNHH TIM SEN cung c\u1ea5p gi\u1ea3i ph\u00e1p cho Qu\u00fd doanh nghi\u1ec7p trong vi\u1ec7c thay \u0111\u1ed5i gi\u1ea5y ph\u00e9p kinh doanh m\u1ed9t c\u00e1ch d\u1ec5 d\u00e0ng v\u00e0 thu\u1eadn ti\u1ec7n h\u01a1n. C\u1ee5 th\u1ec3, Qu\u00fd doanh nghi\u1ec7p ch\u1ec9 c\u1ea7n cung c\u1ea5p:<\/p>\n<ul class=\"giaiphap\">\n<li>B\u1ea3n ch\u00ednh Gi\u1ea5y ph\u00e9p \u0111\u0103ng k\u00fd kinh doanh \u1edf th\u1eddi \u0111i\u1ec3m hi\u1ec7n t\u1ea1i<\/li>\n<li>Y\u00eau c\u1ea7u c\u1ea7n thay \u0111\u1ed5i.<\/li>\n<li>CMND sao y ho\u1eb7c h\u1ed9 chi\u1ebfu (tr\u01b0\u1eddng h\u1ee3p thay \u0111\u1ed5i Ng\u01b0\u1eddi \u0111\u1ea1i di\u1ec7n ph\u00e1p lu\u1eadt v\u00e0 Th\u00e0nh vi\u00ean H\u0110QT)<\/li>\n<\/ul>\n<p>\u00a0<\/p>\n\t\t<\/div>\n\t\t\t\t\t<\/div>\n\n\t\n<\/div>\n\t\t<\/div>\n\n\t\t\n<style>\n#section_436698519 {\n  padding-top: 30px;\n  padding-bottom: 30px;\n}\n<\/style>\n\t<\/section>\n\t\n","protected":false},"excerpt":{"rendered":"","protected":false},"author":1,"featured_media":273,"parent":0,"menu_order":0,"comment_status":"closed","ping_status":"closed","template":"page-blank.php","meta":{"footnotes":""},"class_list":["post-26","page","type-page","status-publish","has-post-thumbnail","hentry"],"_links":{"self":[{"href":"https:\/\/timsen.giaodienflatsome.com\/index.php\/wp-json\/wp\/v2\/pages\/26","targetHints":{"allow":["GET"]}}],"collection":[{"href":"https:\/\/timsen.giaodienflatsome.com\/index.php\/wp-json\/wp\/v2\/pages"}],"about":[{"href":"https:\/\/timsen.giaodienflatsome.com\/index.php\/wp-json\/wp\/v2\/types\/page"}],"author":[{"embeddable":true,"href":"https:\/\/timsen.giaodienflatsome.com\/index.php\/wp-json\/wp\/v2\/users\/1"}],"replies":[{"embeddable":true,"href":"https:\/\/timsen.giaodienflatsome.com\/index.php\/wp-json\/wp\/v2\/comments?post=26"}],"version-history":[{"count":5,"href":"https:\/\/timsen.giaodienflatsome.com\/index.php\/wp-json\/wp\/v2\/pages\/26\/revisions"}],"predecessor-version":[{"id":275,"href":"https:\/\/timsen.giaodienflatsome.com\/index.php\/wp-json\/wp\/v2\/pages\/26\/revisions\/275"}],"wp:featuredmedia":[{"embeddable":true,"href":"https:\/\/timsen.giaodienflatsome.com\/index.php\/wp-json\/wp\/v2\/media\/273"}],"wp:attachment":[{"href":"https:\/\/timsen.giaodienflatsome.com\/index.php\/wp-json\/wp\/v2\/media?parent=26"}],"curies":[{"name":"wp","href":"https:\/\/api.w.org\/{rel}","templated":true}]}}