{"id":30,"date":"2023-07-09T14:20:07","date_gmt":"2023-07-09T14:20:07","guid":{"rendered":"https:\/\/timsen.giaodienflatsome.com\/?page_id=30"},"modified":"2023-07-11T12:27:41","modified_gmt":"2023-07-11T12:27:41","slug":"ke-toan-noi-bo-chuyen-nghiep","status":"publish","type":"page","link":"https:\/\/timsen.giaodienflatsome.com\/index.php\/ke-toan-noi-bo-chuyen-nghiep\/","title":{"rendered":"K\u1ebf to\u00e1n n\u1ed9i b\u1ed9 chuy\u00ean nghi\u1ec7p"},"content":{"rendered":"\n\t<section class=\"section\" id=\"section_1729460623\">\n\t\t<div class=\"section-bg fill\" >\n\t\t\t\t\t\t\t\t\t\n\t\t\t\n\n\t\t<\/div>\n\n\t\t\n\n\t\t<div class=\"section-content relative\">\n\t\t\t\n<div class=\"row\"  id=\"row-1372282762\">\n\n\t<div id=\"col-490411798\" class=\"col small-12 large-12\"  >\n\t\t\t\t<div class=\"col-inner\"  >\n\t\t\t\n\t\t\t\n<h1 class=\"entry-title mb uppercase\">D\u1ecaCH V\u1ee4 K\u1ebe TO\u00c1N N\u1ed8I B\u1ed8<\/h1>\n<p style=\"text-align: justify;\"><strong><span style=\"color: #be1e2d; font-size: 150%;\">D\u1ecaCH V\u1ee4 K\u1ebe TO\u00c1N N\u1ed8I B\u1ed8<\/span><\/strong><\/p>\n<p><strong>K\u1ebf to\u00e1n n\u1ed9i b\u1ed9<\/strong>\u00a0l\u00e0 b\u1ed9 ph\u1eadn kh\u00f4ng th\u1ec3 thi\u1ebfu trong qu\u00e1 tr\u00ecnh\u00a0<strong>v\u1eadn h\u00e0nh c\u1ee7a doanh nghi\u1ec7p<\/strong>. K\u1ebf to\u00e1n n\u1ed9i b\u1ed9 n\u1eafm b\u1eaft c\u00e1c v\u1ea5n \u0111\u1ec1 th\u1ef1c tr\u1ea1ng t\u00e0i ch\u00ednh c\u1ee7a doanh nghi\u1ec7p, \u0111\u1ec3 t\u1eeb \u0111\u00f3 ph\u1ed1i h\u1ee3p v\u1edbi ban \u0111i\u1ec1u h\u00e0nh \u0111\u01b0a ra nh\u1eefng quy\u1ebft \u0111\u1ecbnh qu\u1ea3n tr\u1ecb. Th\u00f4ng tin c\u1ee7a k\u1ebf to\u00e1n n\u1ed9i b\u1ed9 \u0111\u1eb7c bi\u1ec7t quan tr\u1ecdng trong qu\u00e1 tr\u00ecnh v\u1eadn h\u00e0nh c\u1ee7a doanh nghi\u1ec7p.<\/p>\n<p>\u00a0<\/p>\n<p><img loading=\"lazy\" decoding=\"async\" class=\"aligncenter wp-image-278 size-full\" src=\"https:\/\/timsen.giaodienflatsome.com\/wp-content\/uploads\/2023\/07\/dich-vu-bao-cao-thue-tron-goi-1.jpg\" alt=\"\" width=\"600\" height=\"402\" srcset=\"https:\/\/timsen.giaodienflatsome.com\/wp-content\/uploads\/2023\/07\/dich-vu-bao-cao-thue-tron-goi-1.jpg 600w, https:\/\/timsen.giaodienflatsome.com\/wp-content\/uploads\/2023\/07\/dich-vu-bao-cao-thue-tron-goi-1-300x201.jpg 300w\" sizes=\"auto, (max-width: 600px) 100vw, 600px\" \/><\/p>\n<p>\u00a0<\/p>\n<h2><span style=\"font-size: 90%;\"><strong>C\u00c1C C\u00d4NG VI\u1ec6C C\u1ee6A K\u1ebe TO\u00c1N N\u1ed8I B\u1ed8<\/strong><\/span><\/h2>\n<div><em><strong>C\u00e1c c\u00f4ng vi\u1ec7c do TIM SEN \u0111\u1ea3m nhi\u1ec7m s\u1ebd bao g\u1ed3m x\u00e2y d\u1ef1ng, ph\u00e1t h\u00e0nh, ki\u1ec3m tra, ki\u1ec3m so\u00e1t t\u00ednh h\u1ee3p l\u1ec7, h\u1ee3p ph\u00e1p c\u1ee7a ch\u1ee9ng t\u1eeb n\u1ed9i b\u1ed9; ghi ch\u00e9p v\u00e0o c\u00e1c s\u1ed5 k\u1ebf to\u00e1n n\u1ed9i b\u1ed9; l\u01b0u tr\u1eef h\u1ed3 s\u01a1 v\u00e0 b\u00e1o c\u00e1o l\u00e3nh \u0111\u1ea1o theo quy chu\u1ea9n c\u1ee7a Doanh nghi\u1ec7p, c\u1ee5 th\u1ec3 c\u00e1c c\u00f4ng vi\u1ec7c nh\u01b0 sau:<\/strong><\/em><\/div>\n<div>\n<ul>\n<li>K\u1ebf to\u00e1n thu chi<strong>:<\/strong>\u00a0L\u1eadp phi\u1ebfu thu \u2013 chi, c\u1eadp nh\u1eadt \u0111\u1ea7y \u0111\u1ee7, ch\u00ednh x\u00e1c, k\u1ecbp th\u1eddi v\u00e0o s\u1ed5 qu\u1ef9 ti\u1ec1n m\u1eb7t;<\/li>\n<li>K\u1ebf to\u00e1n ng\u00e2n h\u00e0ng:\u00a0M\u1edf t\u00e0i kho\u1ea3n t\u1ea1i ng\u00e2n h\u00e0ng, l\u1eadp u\u1ef7 nhi\u1ec7m chi, s\u00e9c r\u00fat ti\u1ec1n, n\u1ed9p ti\u1ec1n v\u00e0o t\u00e0i kho\u1ea3n, ghi s\u1ed5 t\u00e0i kho\u1ea3n ti\u1ec1n g\u1edfi, \u0111\u1ed1i chi\u1ebfu v\u1edbi s\u1ed5 ph\u1ee5 ng\u00e2n h\u00e0ng;<\/li>\n<li>K\u1ebf to\u00e1n kho<strong>:<\/strong>\u00a0L\u1eadp phi\u1ebfu nh\u1eadp, phi\u1ebfu xu\u1ea5t kho, ghi s\u1ed5 theo d\u00f5i nh\u1eadp \u2013 xu\u1ea5t \u2013 t\u1ed3n kho cho t\u1eebng lo\u1ea1i h\u00e0ng, m\u00e3 h\u00e0ng;<\/li>\n<li>K\u1ebf to\u00e1n ti\u1ec1n l\u01b0\u01a1ng<strong>:<\/strong>\u00a0So\u1ea1n th\u1ea3o v\u00e0 qu\u1ea3n l\u00fd h\u1ee3p \u0111\u1ed3ng lao \u0111\u1ed9ng, x\u00e2y d\u1ef1ng quy ch\u1ebf l\u01b0\u01a1ng, ch\u1ea5m c\u00f4ng, t\u00ednh l\u01b0\u01a1ng v\u00e0 thanh to\u00e1n ti\u1ec1n l\u01b0\u01a1ng cho nh\u00e2n vi\u00ean trong Doanh nghi\u1ec7p;<\/li>\n<li>K\u1ebf to\u00e1n c\u00f4ng n\u1ee3<strong>:<\/strong>\u00a0Ghi ch\u00e9p, theo d\u00f5i t\u00ecnh h\u00ecnh mua h\u00e0ng, b\u00e1n h\u00e0ng v\u00e0 thanh to\u00e1n ti\u1ec1n h\u00e0ng, s\u1ed1 ti\u1ec1n c\u00f2n\u00a0 n\u1ee3 \u0111\u1ebfn t\u1eebng kh\u00e1ch h\u00e0ng;<\/li>\n<li>K\u1ebf to\u00e1n b\u00e1n h\u00e0ng<strong>:<\/strong> Xu\u1ea5t h\u00f3a \u0111\u01a1n khi cung c\u1ea5p h\u00e0ng h\u00f3a, d\u1ecbch v\u1ee5, b\u00e1o gi\u00e1, theo d\u00f5i \u0111\u01a1n h\u00e0ng, ghi ch\u00e9p v\u00e0o s\u1ed5 doanh thu;<\/li>\n<li>K\u1ebf to\u00e1n chi ph\u00ed: T\u1eadp h\u1ee3p, ph\u00e2n lo\u1ea1i v\u00e0 v\u00e0o s\u1ed5 theo t\u1eebng lo\u1ea1i chi ph\u00ed;<\/li>\n<li>T\u1ed5ng h\u1ee3p, b\u00e1o c\u00e1o, th\u1ed1ng k\u00ea<strong>:\u00a0<\/strong>H\u00e0ng tu\u1ea7n, th\u00e1ng, qu\u00ed n\u0103m ho\u1eb7c \u0111\u1ed9t xu\u1ea5t l\u1eadp c\u00e1c lo\u1ea1i b\u00e1o c\u00e1o v\u00e0 th\u1ed1ng k\u00ea theo y\u00eau c\u1ea7u c\u1ee7a ban l\u00e3nh \u0111\u1ea1o Doanh nghi\u1ec7p.<\/li>\n<\/ul>\n<\/div>\n<div style=\"margin: 0px 0px 13px; padding: 13px; border: 1px solid blue; outline: 0px; font-family: 'Helvetica Neue', Helvetica, Arial, sans-serif; vertical-align: baseline; color: #000000; font-size: 14px; background-color: #e3f4fb;\">\n<div style=\"margin: 0px; padding: 0px; border: 0px; outline: 0px; font-weight: inherit; font-style: inherit; font-family: inherit; vertical-align: baseline;\">\n<p style=\"text-align: justify;\"><span style=\"color: #282828;\">Xem th\u00eam c\u00e1c b\u00e0i vi\u1ebft kh\u00e1c:<\/span><\/p>\n<p><span style=\"color: #ed1c24;\"><strong>=&gt;&gt;<\/strong><\/span><strong> D\u1ecbch v\u1ee5 k\u1ebf to\u00e1n n\u1ed9i b\u1ed9 \u2013 Chuy\u00ean s\u00e2u<\/strong><\/p>\n<p><strong><span style=\"color: #ff0000;\">=&gt;&gt;<\/span> T\u01b0 v\u1ea5n thi\u1ebft l\u1eadp h\u1ec7 th\u1ed1ng k\u1ebf to\u00e1n qu\u1ea3n tr\u1ecb<\/strong><\/p>\n<\/div>\n<\/div>\n\t\t<\/div>\n\t\t\t\t\t<\/div>\n\n\t\n<\/div>\n\t\t<\/div>\n\n\t\t\n<style>\n#section_1729460623 {\n  padding-top: 30px;\n  padding-bottom: 30px;\n}\n<\/style>\n\t<\/section>\n\t\n","protected":false},"excerpt":{"rendered":"","protected":false},"author":1,"featured_media":0,"parent":0,"menu_order":0,"comment_status":"closed","ping_status":"closed","template":"page-blank.php","meta":{"footnotes":""},"class_list":["post-30","page","type-page","status-publish","hentry"],"_links":{"self":[{"href":"https:\/\/timsen.giaodienflatsome.com\/index.php\/wp-json\/wp\/v2\/pages\/30","targetHints":{"allow":["GET"]}}],"collection":[{"href":"https:\/\/timsen.giaodienflatsome.com\/index.php\/wp-json\/wp\/v2\/pages"}],"about":[{"href":"https:\/\/timsen.giaodienflatsome.com\/index.php\/wp-json\/wp\/v2\/types\/page"}],"author":[{"embeddable":true,"href":"https:\/\/timsen.giaodienflatsome.com\/index.php\/wp-json\/wp\/v2\/users\/1"}],"replies":[{"embeddable":true,"href":"https:\/\/timsen.giaodienflatsome.com\/index.php\/wp-json\/wp\/v2\/comments?post=30"}],"version-history":[{"count":3,"href":"https:\/\/timsen.giaodienflatsome.com\/index.php\/wp-json\/wp\/v2\/pages\/30\/revisions"}],"predecessor-version":[{"id":284,"href":"https:\/\/timsen.giaodienflatsome.com\/index.php\/wp-json\/wp\/v2\/pages\/30\/revisions\/284"}],"wp:attachment":[{"href":"https:\/\/timsen.giaodienflatsome.com\/index.php\/wp-json\/wp\/v2\/media?parent=30"}],"curies":[{"name":"wp","href":"https:\/\/api.w.org\/{rel}","templated":true}]}}