{"id":32,"date":"2023-07-09T14:20:20","date_gmt":"2023-07-09T14:20:20","guid":{"rendered":"https:\/\/timsen.giaodienflatsome.com\/?page_id=32"},"modified":"2023-07-11T12:29:11","modified_gmt":"2023-07-11T12:29:11","slug":"dich-vu-nhan-su","status":"publish","type":"page","link":"https:\/\/timsen.giaodienflatsome.com\/index.php\/dich-vu-nhan-su\/","title":{"rendered":"D\u1ecbch v\u1ee5 nh\u00e2n s\u1ef1"},"content":{"rendered":"\n\t<section class=\"section\" id=\"section_548554105\">\n\t\t<div class=\"section-bg fill\" >\n\t\t\t\t\t\t\t\t\t\n\t\t\t\n\n\t\t<\/div>\n\n\t\t\n\n\t\t<div class=\"section-content relative\">\n\t\t\t\n<div class=\"row\"  id=\"row-1844195768\">\n\n\t<div id=\"col-866886334\" class=\"col small-12 large-12\"  >\n\t\t\t\t<div class=\"col-inner\"  >\n\t\t\t\n\t\t\t\n<h1 class=\"entry-title mb uppercase\">\u0110\u1ea1i L\u00fd Ch\u1eef K\u00fd S\u1ed1<\/h1>\n<h1 style=\"text-align: justify;\"><span style=\"color: #be1e2d;\">D\u1ecaCH V\u1ee4 \u0110\u1ea0I L\u00dd CH\u1eee K\u00dd S\u1ed0 <\/span><\/h1>\n<p style=\"text-align: justify;\">Ch\u1eef k\u00fd s\u1ed1 l\u00e0 1 d\u1ea1ng ch\u1eef k\u00fd \u0111i\u1ec7n t\u1eed. Th\u00f4ng tin c\u1ee7a ng\u01b0\u1eddi g\u1eedi \u0111\u01b0\u1ee3c m\u00e3 h\u00f3a b\u1eb1ng c\u1eb7p kh\u00f3a ri\u00eang \u0111\u00ednh k\u00e8m theo v\u0103n b\u1ea3n nh\u1eb1m b\u1ea3o m\u1eadt cho ng\u01b0\u1eddi nh\u1eadn \u0111\u1ecbnh danh v\u00e0 x\u00e1c th\u1ef1c \u0111\u00fang ngu\u1ed3n g\u1ed1c t\u00ednh to\u00e0n v\u1eb9n c\u1ee7a d\u1eef li\u1ec7u. Ch\u1eef k\u00fd s\u1ed1 c\u00f2n \u0111\u01b0\u1ee3c g\u1ecdi l\u00e0 ch\u1ee9ng th\u01b0 s\u1ed1 l\u00e0 m\u1ed9t con d\u1ea5u \u0111\u1ec3 x\u00e1c nh\u1eadn v\u0103n b\u1ea3n n\u00e0y l\u00e0 c\u1ee7a c\u1ee7a Doanh nghi\u1ec7p s\u1eed d\u1ee5ng \u0111\u1ec3 k\u00fd v\u00e0o nh\u1eefng b\u00e1o c\u00e1o, v\u0103n b\u1ea3n m\u00e0 Doanh nghi\u1ec7p giao d\u1ecbch \u0111\u1eb7c bi\u1ec7t l\u00e0 v\u1edbi C\u01a1 quan thu\u1ebf, H\u1ea3i Quan, B\u1ea3o Hi\u1ec3m v\u00e0 nh\u1eefng giao d\u1ecbch \u0111i\u1ec7n t\u1eed.<\/p>\n<p style=\"text-align: justify;\"><span style=\"font-size: 90%;\"><strong>T\u1ea1i sao ph\u1ea3i s\u1eed d\u1ee5ng d\u1ecbch v\u1ee5 c\u1ee7a C\u00f4ng ty TNHH Tim Sen?<br \/>\n<\/strong><\/span><\/p>\n<ul class=\"nhucau\">\n<li>T\u1eb7ng USB Token s\u1eed d\u1ee5ng m\u00e3i m\u00e3i;<\/li>\n<li>H\u01b0\u1edfng m\u1ee9c chi\u1ebft kh\u1ea5u cao tr\u1ef1c ti\u1ebfp tr\u00ean gi\u00e1 b\u00e1n;<\/li>\n<li>H\u1ed7 tr\u1ee3 c\u00e0i \u0111\u1eb7t mi\u1ec5n ph\u00ed 24\/24;<\/li>\n<li>H\u1ed7 tr\u1ee3 k\u00ea khai thu\u1ebf ban \u0111\u1ea7u mi\u1ec5n ph\u00ed d\u00e0nh cho doanh nghi\u1ec7p m\u1edbi th\u00e0nh l\u1eadp;<\/li>\n<li>B\u1ea1n t\u00ecm ki\u1ebfm g\u00f3i d\u1ecbch v\u1ee5 th\u00e0nh l\u1eadp v\u1edbi <strong>ch\u1ea5t l\u01b0\u1ee3ng t\u01b0\u01a1ng x\u1ee9ng v\u1edbi m\u1ee9c ph\u00ed b\u1ea1n chi tr\u1ea3.<\/strong><\/li>\n<\/ul>\n<p><span style=\"font-size: 90%;\"><strong>Gi\u1ea3i ph\u00e1p c\u1ee7a TIM SEN:<\/strong><\/span><\/p>\n\t\t<\/div>\n\t\t\t\t\t<\/div>\n\n\t\n<\/div>\n\t\t<\/div>\n\n\t\t\n<style>\n#section_548554105 {\n  padding-top: 30px;\n  padding-bottom: 30px;\n}\n<\/style>\n\t<\/section>\n\t\n","protected":false},"excerpt":{"rendered":"","protected":false},"author":1,"featured_media":0,"parent":0,"menu_order":0,"comment_status":"closed","ping_status":"closed","template":"page-blank.php","meta":{"footnotes":""},"class_list":["post-32","page","type-page","status-publish","hentry"],"_links":{"self":[{"href":"https:\/\/timsen.giaodienflatsome.com\/index.php\/wp-json\/wp\/v2\/pages\/32","targetHints":{"allow":["GET"]}}],"collection":[{"href":"https:\/\/timsen.giaodienflatsome.com\/index.php\/wp-json\/wp\/v2\/pages"}],"about":[{"href":"https:\/\/timsen.giaodienflatsome.com\/index.php\/wp-json\/wp\/v2\/types\/page"}],"author":[{"embeddable":true,"href":"https:\/\/timsen.giaodienflatsome.com\/index.php\/wp-json\/wp\/v2\/users\/1"}],"replies":[{"embeddable":true,"href":"https:\/\/timsen.giaodienflatsome.com\/index.php\/wp-json\/wp\/v2\/comments?post=32"}],"version-history":[{"count":3,"href":"https:\/\/timsen.giaodienflatsome.com\/index.php\/wp-json\/wp\/v2\/pages\/32\/revisions"}],"predecessor-version":[{"id":286,"href":"https:\/\/timsen.giaodienflatsome.com\/index.php\/wp-json\/wp\/v2\/pages\/32\/revisions\/286"}],"wp:attachment":[{"href":"https:\/\/timsen.giaodienflatsome.com\/index.php\/wp-json\/wp\/v2\/media?parent=32"}],"curies":[{"name":"wp","href":"https:\/\/api.w.org\/{rel}","templated":true}]}}