{"id":40,"date":"2023-07-09T14:21:03","date_gmt":"2023-07-09T14:21:03","guid":{"rendered":"https:\/\/timsen.giaodienflatsome.com\/?page_id=40"},"modified":"2023-07-11T12:39:55","modified_gmt":"2023-07-11T12:39:55","slug":"dich-vu-xuat-hoa-don","status":"publish","type":"page","link":"https:\/\/timsen.giaodienflatsome.com\/index.php\/dich-vu-xuat-hoa-don\/","title":{"rendered":"D\u1ecbch v\u1ee5 xu\u1ea5t h\u00f3a \u0111\u01a1n"},"content":{"rendered":"\n\t<section class=\"section\" id=\"section_1046649513\">\n\t\t<div class=\"section-bg fill\" >\n\t\t\t\t\t\t\t\t\t\n\t\t\t\n\n\t\t<\/div>\n\n\t\t\n\n\t\t<div class=\"section-content relative\">\n\t\t\t\n<div class=\"row align-middle\"  id=\"row-1305535321\">\n\n\t<div id=\"col-2089516896\" class=\"col medium-8 small-12 large-8\"  >\n\t\t\t\t<div class=\"col-inner dark\"  >\n\t\t\t\n\t\t\t\n<p style=\"text-align: left;\"><span style=\"font-size: 300%;\"><strong>D\u1ecaCH V\u1ee4 XU\u1ea4T H\u00d3A \u0110\u01a0N<\/strong><\/span><\/p>\n<p style=\"text-align: left;\"><span style=\"font-size: 160%;\">Nhanh ch\u00f3ng, ch\u00ednh x\u00e1c, ti\u1ebft ki\u1ec7m chi ph\u00ed<\/span><\/p>\n<p style=\"text-align: left;\"><span style=\"font-size: 140%;\">Gi\u00fap c\u00f4ng ty b\u1ea1n v\u1eadn h\u00e0nh chuy\u00ean nghi\u1ec7p, tr\u00e1nh nh\u1eefng r\u1ee7i ro kh\u00f4ng \u0111\u00e1ng c\u00f3<\/span><\/p>\n<a href=\"#tuvanngay\" class=\"button white lowercase\"  style=\"border-radius:99px;\">\n\t\t<span>T\u01b0 v\u1ea5n ngay<\/span>\n\t<\/a>\n\n<a href=\"#tuvanngay\" class=\"button white lowercase\"  style=\"border-radius:99px;\">\n\t\t<span>HOTLINE 0903 016 246<\/span>\n\t<\/a>\n\n\t\t<\/div>\n\t\t\t\t\t<\/div>\n\n\t\n\n\t<div id=\"col-365512646\" class=\"col medium-4 small-12 large-4\"  >\n\t\t\t\t<div class=\"col-inner\"  >\n\t\t\t\n\t\t\t\n\t<div class=\"img has-hover x md-x lg-x y md-y lg-y\" id=\"image_154112835\">\n\t\t\t\t\t\t\t\t<div class=\"img-inner dark\" >\n\t\t\t<img loading=\"lazy\" decoding=\"async\" width=\"333\" height=\"299\" src=\"https:\/\/timsen.giaodienflatsome.com\/wp-content\/uploads\/2023\/07\/xuathoadon.png\" class=\"attachment-original size-original\" alt=\"\" srcset=\"https:\/\/timsen.giaodienflatsome.com\/wp-content\/uploads\/2023\/07\/xuathoadon.png 333w, https:\/\/timsen.giaodienflatsome.com\/wp-content\/uploads\/2023\/07\/xuathoadon-300x269.png 300w\" sizes=\"auto, (max-width: 333px) 100vw, 333px\" \/>\t\t\t\t\t\t\n\t\t\t\t\t<\/div>\n\t\t\t\t\t\t\t\t\n<style>\n#image_154112835 {\n  width: 100%;\n}\n<\/style>\n\t<\/div>\n\t\n\t\t<\/div>\n\t\t\t\t\t<\/div>\n\n\t\n<\/div>\n\t\t<\/div>\n\n\t\t\n<style>\n#section_1046649513 {\n  padding-top: 30px;\n  padding-bottom: 30px;\n  background-color: rgb(16, 92, 170);\n}\n<\/style>\n\t<\/section>\n\t\n<div class=\"row align-middle\"  id=\"row-229993361\">\n\n\t<div id=\"col-1468505296\" class=\"col medium-4 small-12 large-4\"  >\n\t\t\t\t<div class=\"col-inner\"  >\n\t\t\t\n\t\t\t\n\t<div class=\"img has-hover x md-x lg-x y md-y lg-y\" id=\"image_1212202219\">\n\t\t\t\t\t\t\t\t<div class=\"img-inner dark\" >\n\t\t\t<img loading=\"lazy\" decoding=\"async\" width=\"390\" height=\"200\" src=\"https:\/\/timsen.giaodienflatsome.com\/wp-content\/uploads\/2023\/07\/office-1.png\" class=\"attachment-original size-original\" alt=\"\" srcset=\"https:\/\/timsen.giaodienflatsome.com\/wp-content\/uploads\/2023\/07\/office-1.png 390w, https:\/\/timsen.giaodienflatsome.com\/wp-content\/uploads\/2023\/07\/office-1-300x154.png 300w\" sizes=\"auto, (max-width: 390px) 100vw, 390px\" \/>\t\t\t\t\t\t\n\t\t\t\t\t<\/div>\n\t\t\t\t\t\t\t\t\n<style>\n#image_1212202219 {\n  width: 100%;\n}\n<\/style>\n\t<\/div>\n\t\n\t\t<\/div>\n\t\t\t\t\t<\/div>\n\n\t\n\n\t<div id=\"col-2038747405\" class=\"col medium-8 small-12 large-8\"  >\n\t\t\t\t<div class=\"col-inner\"  >\n\t\t\t\n\t\t\t\n<p><span style=\"color: #ed1c24;\"><strong>KH\u00d4NG C\u00d2N M\u1ea4T NHI\u1ec0U TH\u1edcI GIAN CHO H\u00d3A \u0110\u01a0N, KH\u00d4NG C\u1ea6N K\u1ebe TO\u00c1N T\u1ea0I C\u00d4NG TY <\/strong><\/span><\/p>\n<p><span style=\"font-size: 170%;color:#000\">H\u00f3a \u0111\u01a1n \u0111\u01b0\u1ee3c xu\u1ea5t trong 04h l\u00e0m vi\u1ec7c, h\u01b0\u1edbng d\u1eabn, ki\u1ec3m tra th\u00f4ng tin, xu\u1ea5t v\u00e0 ph\u00e1t h\u00e0nh h\u00f3a \u0111\u01a1n nhanh ch\u00f3ng.<\/span><\/p>\n<div class=\"platform\">\n<div class=\"pw\">\n<div class=\"main\">\n<div class=\"content\">\n<p style=\"text-align: justify;\"><span style=\"font-size: 120%;\">V\u1edbi h\u01a1n 12 n\u0103m kinh nghi\u1ec7m trong l\u0129nh v\u1ef1c cung c\u1ea5p d\u1ecbch v\u1ee5 k\u1ebf to\u00e1n thu\u1ebf t\u1ea1i TP.HCM, B\u00ecnh D\u01b0\u01a1ng, \u0110\u1ed3ng Nai Long An\u2026, Tim Sen cam k\u1ebft kh\u00f4ng ph\u00e1t sinh chi ph\u00ed, th\u1ee7 t\u1ee5c nhanh g\u1ecdn t\u1eadn n\u01a1i, b\u1ea3o m\u1eadt th\u00f4ng tin, v\u00e0 quan tr\u1ecdng l\u00e0 t\u01b0 v\u1ea5n cho b\u1ea1n trong su\u1ed1t qu\u00e1 tr\u00ecnh s\u1eed d\u1ee5ng d\u1ecbch v\u1ee5 k\u1ebf to\u00e1n.<\/span><\/p>\n<\/div>\n<\/div>\n<\/div>\n<\/div>\n<div class=\"pack-apps\">\n<div class=\"pw\">\n<div class=\"title\">&nbsp;<\/div>\n<\/div>\n<\/div>\n\t\t<\/div>\n\t\t\t\t\t<\/div>\n\n\t\n<\/div>\n\n\t<section class=\"section\" id=\"section_388768924\">\n\t\t<div class=\"section-bg fill\" >\n\t\t\t\t\t\t\t\t\t\n\t\t\t\n\n\t\t<\/div>\n\n\t\t\n\n\t\t<div class=\"section-content relative\">\n\t\t\t\n<div class=\"row\"  id=\"row-837128817\">\n\n\t<div id=\"col-917423302\" class=\"col small-12 large-12\"  >\n\t\t\t\t<div class=\"col-inner\"  >\n\t\t\t\n\t\t\t\n<p><span style=\"font-size: 150%;\"><strong> <i class=\"fa fa-check\" aria-hidden=\"true\"><\/i> V\u1ea5n \u0111\u1ec1 c\u1ee7a b\u1ea1n l\u00e0 g\u00ec?<\/strong><\/span><\/p>\n<ul>\n<li>B\u1ea1n m\u1ea5t qu\u00e1 nhi\u1ec1u th\u1eddi gian ch\u1ec9 \u0111\u1ec3 xu\u1ea5t h\u00f3a \u0111\u01a1n.<\/li>\n<li>B\u1ea1n th\u01b0\u1eddng xuy\u00ean ph\u1ea3i xu\u1ea5t \u0111i xu\u1ea5t l\u1ea1i nhi\u1ec1u l\u1ea7n v\u00ec sai s\u00f3t khi th\u1ef1c hi\u1ec7n.<\/li>\n<li>B\u1ea1n t\u1ed1n chi ph\u00ed \u0111\u1ec3 thu\u00ea 1 k\u1ebf to\u00e1n ch\u1ec9 \u0111\u1ec3 th\u1ef1c hi\u1ec7n c\u00f4ng vi\u1ec7c xu\u1ea5t h\u00f3a \u0111\u01a1n.<\/li>\n<li>H\u00e3y \u0111\u1ebfn v\u1edbi d\u1ecbch v\u1ee5 <strong style=\"color: #555555;\">XU\u1ea4T H\u00d3A \u0110\u01a0N<\/strong><span style=\"color: #555555;\"> c\u1ee7a <\/span><strong style=\"color: #555555;\">TIM SEN<\/strong><span style=\"color: #555555;\">, Ch\u00fang t\u00f4i s\u1ebd gi\u1ea3i quy\u1ebft ngay c\u00e1c v\u1ea5n \u0111\u1ec1 b\u1ea1n \u0111ang g\u1eb7p ph\u1ea3i.<\/span><\/li>\n<\/ul>\n<p><span style=\"font-size: 150%;\"><strong> <i class=\"fa fa-check\" aria-hidden=\"true\"><\/i> M\u00f4 t\u1ea3 c\u00f4ng vi\u1ec7c<\/strong><\/span><\/p>\n<ul>\n<li>H\u01b0\u1edbng d\u1eabn Qu\u00fd kh\u00e1ch h\u00e0ng th\u00f4ng tin c\u1ea7n cung c\u1ea5p.<\/li>\n<li>Ki\u1ec3m tra, x\u00e1c nh\u1eadn l\u1ea1i th\u00f4ng tin c\u1ea7n xu\u1ea5t h\u00f3a \u0111\u01a1n \u0111\u00e3 ch\u00ednh x\u00e1c.<\/li>\n<li>Ti\u1ebfn h\u00e0nh xu\u1ea5t h\u00f3a \u0111\u01a1n nh\u00e1p g\u1eedi kh\u00e1ch h\u00e0ng xem, x\u00e1c nh\u1eadn.<\/li>\n<li>Ph\u00e1t h\u00e0nh h\u00f3a \u0111\u01a1n sau khi \u0111\u00e3 ki\u1ec3m tra chu\u1ea9n x\u00e1c.<\/li>\n<\/ul>\n<p><span style=\"font-size: 150%;\"><strong> <i class=\"fa fa-check\" aria-hidden=\"true\"><\/i> Quy tr\u00ecnh<\/strong><\/span><\/p>\n<ul>\n<li>Ti\u1ebfp nh\u1eadn th\u00f4ng tin y\u00eau c\u1ea7u xu\u1ea5t h\u00f3a \u0111\u01a1n.<\/li>\n<li>Ti\u1ebfn h\u00e0nh x\u1eed l\u00fd y\u00eau c\u1ea7u xu\u1ea5t h\u00f3a \u0111\u01a1n (Trong v\u00f2ng 4h)<\/li>\n<\/ul>\n<p>&nbsp; &nbsp; &nbsp; &nbsp; &nbsp; &nbsp; + H\u01b0\u1edbng d\u1eabn kh\u00e1ch h\u00e0ng th\u00f4ng tin c\u1ea7n cung c\u1ea5p.<\/p>\n<p>&nbsp; &nbsp; &nbsp; &nbsp; &nbsp; &nbsp; + X\u00e1c nh\u1eadn v\u1edbi ng\u01b0\u1eddi mua v\u1ec1 th\u00f4ng tin xu\u1ea5t h\u00f3a \u0111\u01a1n (Ng\u00e0y th\u00e1ng, t\u00ean, n\u1ed9i dung, s\u1ed1 l\u01b0\u1ee3ng, gi\u00e1 tr\u1ecb h\u00f3a \u0111\u01a1n)<\/p>\n<p>&nbsp; &nbsp; &nbsp; &nbsp; &nbsp; &nbsp; + Ki\u1ec3m tra, x\u00e1c nh\u1eadn l\u1ea1i th\u00f4ng tin c\u1ea7n xu\u1ea5t h\u00f3a \u0111\u01a1n \u0111\u00e3 ch\u00ednh x\u00e1c.<\/p>\n<ul>\n<li>Ti\u1ebfn h\u00e0nh xu\u1ea5t h\u00f3a \u0111\u01a1n nh\u00e1p g\u1eedi kh\u00e1ch h\u00e0ng xem, x\u00e1c nh\u1eadn.<\/li>\n<li>Ph\u00e1t h\u00e0nh h\u00f3a \u0111\u01a1n sau khi \u0111\u00e3 ki\u1ec3m tra chu\u1ea9n x\u00e1c<\/li>\n<\/ul>\n<p style=\"text-align: center;\"><span style=\"font-size: 150%;\"><strong>PH\u00cd: <\/strong>Ch\u1ec9 <strong>t\u1eeb<\/strong> <strong>50,000 \u0111\u1ed3ng<\/strong><strong>\/l\u1ea7n<\/strong><\/span><\/p>\n<p style=\"text-align: center;\">&nbsp;<\/p>\n\t\t<\/div>\n\t\t\t\t\t<\/div>\n\n\t\n<\/div>\n\t\t<\/div>\n\n\t\t\n<style>\n#section_388768924 {\n  padding-top: 30px;\n  padding-bottom: 30px;\n  background-color: rgb(244, 244, 244);\n}\n<\/style>\n\t<\/section>\n\t\n","protected":false},"excerpt":{"rendered":"","protected":false},"author":1,"featured_media":0,"parent":0,"menu_order":0,"comment_status":"closed","ping_status":"closed","template":"page-blank.php","meta":{"footnotes":""},"class_list":["post-40","page","type-page","status-publish","hentry"],"_links":{"self":[{"href":"https:\/\/timsen.giaodienflatsome.com\/index.php\/wp-json\/wp\/v2\/pages\/40","targetHints":{"allow":["GET"]}}],"collection":[{"href":"https:\/\/timsen.giaodienflatsome.com\/index.php\/wp-json\/wp\/v2\/pages"}],"about":[{"href":"https:\/\/timsen.giaodienflatsome.com\/index.php\/wp-json\/wp\/v2\/types\/page"}],"author":[{"embeddable":true,"href":"https:\/\/timsen.giaodienflatsome.com\/index.php\/wp-json\/wp\/v2\/users\/1"}],"replies":[{"embeddable":true,"href":"https:\/\/timsen.giaodienflatsome.com\/index.php\/wp-json\/wp\/v2\/comments?post=40"}],"version-history":[{"count":16,"href":"https:\/\/timsen.giaodienflatsome.com\/index.php\/wp-json\/wp\/v2\/pages\/40\/revisions"}],"predecessor-version":[{"id":317,"href":"https:\/\/timsen.giaodienflatsome.com\/index.php\/wp-json\/wp\/v2\/pages\/40\/revisions\/317"}],"wp:attachment":[{"href":"https:\/\/timsen.giaodienflatsome.com\/index.php\/wp-json\/wp\/v2\/media?parent=40"}],"curies":[{"name":"wp","href":"https:\/\/api.w.org\/{rel}","templated":true}]}}